{"id":34,"date":"2025-07-17T19:20:58","date_gmt":"2025-07-17T19:20:58","guid":{"rendered":"https:\/\/www.armandovaldes-artistaplastico.com\/site\/?page_id=34"},"modified":"2025-07-26T23:55:44","modified_gmt":"2025-07-26T23:55:44","slug":"inicio","status":"publish","type":"page","link":"https:\/\/www.armandovaldes-artistaplastico.com\/site\/","title":{"rendered":"Arte Pict\u00f3rico"},"content":{"rendered":"\n<div class=\"wp-block-cover alignwide has-accent-1-color has-text-color has-link-color wp-elements-0a173e3203a381095fb4d317da38d99b\" style=\"margin-top:0;margin-bottom:0;padding-top:200px;padding-right:var(--wp--preset--spacing--50);padding-bottom:200px;padding-left:var(--wp--preset--spacing--50);min-height:100vh;aspect-ratio:unset;\"><img loading=\"lazy\" decoding=\"async\" width=\"1600\" height=\"704\" class=\"wp-block-cover__image-background wp-image-100 size-full\" alt=\"\" src=\"https:\/\/www.armandovaldes-artistaplastico.com\/site\/wp-content\/uploads\/2025\/07\/encabezado.jpg\" data-object-fit=\"cover\" srcset=\"https:\/\/www.armandovaldes-artistaplastico.com\/site\/wp-content\/uploads\/2025\/07\/encabezado.jpg 1600w, https:\/\/www.armandovaldes-artistaplastico.com\/site\/wp-content\/uploads\/2025\/07\/encabezado-300x132.jpg 300w, https:\/\/www.armandovaldes-artistaplastico.com\/site\/wp-content\/uploads\/2025\/07\/encabezado-1024x451.jpg 1024w, https:\/\/www.armandovaldes-artistaplastico.com\/site\/wp-content\/uploads\/2025\/07\/encabezado-768x338.jpg 768w, https:\/\/www.armandovaldes-artistaplastico.com\/site\/wp-content\/uploads\/2025\/07\/encabezado-1536x676.jpg 1536w\" sizes=\"auto, (max-width: 1600px) 100vw, 1600px\" \/><span aria-hidden=\"true\" class=\"wp-block-cover__background has-background-dim-10 has-background-dim\" style=\"background-color:#667684\"><\/span><div class=\"wp-block-cover__inner-container is-layout-constrained wp-container-core-cover-is-layout-d47c59a2 wp-block-cover-is-layout-constrained\">\n<p class=\"has-text-align-center has-large-font-size\"><\/p>\n<\/div><\/div>\n\n\n\n<figure class=\"wp-block-pullquote\"><blockquote><p><em>El arte es uno de los elementos mas importantes de la sociedad y es el term\u00f3metro de la civilizaci\u00f3n, es una expresi\u00f3n de la creatividad de los seres humanos, que se manifiesta en obras que pueden ser apreciadas por todos los sentidos del ser humano con el que estamos en contacto con el mundo. El arte cura el alma, alivia el esp\u00edritu, armoniza la salud del cuerpo.<\/em>\u00ab<\/p><cite>Armando Valdes<\/cite><\/blockquote><\/figure>\n\n\n\n<div class=\"wp-block-columns are-vertically-aligned-center is-layout-flex wp-container-core-columns-is-layout-28f84493 wp-block-columns-is-layout-flex\">\n<div class=\"wp-block-column is-vertically-aligned-center is-layout-flow wp-block-column-is-layout-flow\">\n<figure class=\"wp-block-image size-full\"><img loading=\"lazy\" decoding=\"async\" width=\"762\" height=\"1001\" src=\"https:\/\/www.armandovaldes-artistaplastico.com\/site\/wp-content\/uploads\/2025\/07\/imagen1.jpg\" alt=\"\" class=\"wp-image-68\" srcset=\"https:\/\/www.armandovaldes-artistaplastico.com\/site\/wp-content\/uploads\/2025\/07\/imagen1.jpg 762w, https:\/\/www.armandovaldes-artistaplastico.com\/site\/wp-content\/uploads\/2025\/07\/imagen1-228x300.jpg 228w\" sizes=\"auto, (max-width: 762px) 100vw, 762px\" \/><\/figure>\n\n\n\n<p class=\"has-text-align-center\"><strong>T\u00edtulo<\/strong>: \u00abXipe totec\u00bb<br><strong>Medidas<\/strong>: 61 x 80 cm<br><strong>T\u00e9cnica<\/strong>: \u00d3leo sobre tela<\/p>\n<\/div>\n\n\n\n<div class=\"wp-block-column is-vertically-aligned-center is-layout-flow wp-block-column-is-layout-flow\">\n<figure class=\"wp-block-image alignfull size-full\"><img loading=\"lazy\" decoding=\"async\" width=\"640\" height=\"892\" src=\"https:\/\/www.armandovaldes-artistaplastico.com\/site\/wp-content\/uploads\/2025\/07\/imagen2.jpg\" alt=\"\" class=\"wp-image-69\" srcset=\"https:\/\/www.armandovaldes-artistaplastico.com\/site\/wp-content\/uploads\/2025\/07\/imagen2.jpg 640w, https:\/\/www.armandovaldes-artistaplastico.com\/site\/wp-content\/uploads\/2025\/07\/imagen2-215x300.jpg 215w\" sizes=\"auto, (max-width: 640px) 100vw, 640px\" \/><\/figure>\n\n\n\n<p class=\"has-text-align-center\"><strong>T\u00edtulo<\/strong>: \u00abDeidad del Ma\u00edz\u00bb<br><strong>Medidas<\/strong>: 50 x 70 cm<br><strong>T\u00e9cnica<\/strong>: \u00d3leo sobre tela<\/p>\n<\/div>\n\n\n\n<div class=\"wp-block-column is-vertically-aligned-center is-layout-flow wp-block-column-is-layout-flow\">\n<figure class=\"wp-block-image alignfull size-large\"><img loading=\"lazy\" decoding=\"async\" width=\"1024\" height=\"619\" src=\"https:\/\/www.armandovaldes-artistaplastico.com\/site\/wp-content\/uploads\/2025\/07\/imagen3-1024x619.jpg\" alt=\"\" class=\"wp-image-70\" srcset=\"https:\/\/www.armandovaldes-artistaplastico.com\/site\/wp-content\/uploads\/2025\/07\/imagen3-1024x619.jpg 1024w, https:\/\/www.armandovaldes-artistaplastico.com\/site\/wp-content\/uploads\/2025\/07\/imagen3-300x181.jpg 300w, https:\/\/www.armandovaldes-artistaplastico.com\/site\/wp-content\/uploads\/2025\/07\/imagen3-768x464.jpg 768w, https:\/\/www.armandovaldes-artistaplastico.com\/site\/wp-content\/uploads\/2025\/07\/imagen3-1536x928.jpg 1536w, https:\/\/www.armandovaldes-artistaplastico.com\/site\/wp-content\/uploads\/2025\/07\/imagen3-2048x1238.jpg 2048w\" sizes=\"auto, (max-width: 1024px) 100vw, 1024px\" \/><\/figure>\n\n\n\n<p class=\"has-text-align-center\"><strong>T\u00edtulo <\/strong>\u00abPakal el astronauta\u00bb<br><strong>Medidas<\/strong>: 132 x 82 cm<br><strong>T\u00e9cnica<\/strong>: Acr\u00edlico sobre madera y tela<\/p>\n<\/div>\n<\/div>\n\n\n\n<div class=\"wp-block-columns is-layout-flex wp-container-core-columns-is-layout-28f84493 wp-block-columns-is-layout-flex\">\n<div class=\"wp-block-column is-layout-flow wp-block-column-is-layout-flow\">\n<figure class=\"wp-block-image alignfull size-full\"><img loading=\"lazy\" decoding=\"async\" width=\"473\" height=\"602\" src=\"https:\/\/www.armandovaldes-artistaplastico.com\/site\/wp-content\/uploads\/2025\/07\/imagen4.png\" alt=\"\" class=\"wp-image-72\" srcset=\"https:\/\/www.armandovaldes-artistaplastico.com\/site\/wp-content\/uploads\/2025\/07\/imagen4.png 473w, https:\/\/www.armandovaldes-artistaplastico.com\/site\/wp-content\/uploads\/2025\/07\/imagen4-236x300.png 236w\" sizes=\"auto, (max-width: 473px) 100vw, 473px\" \/><\/figure>\n\n\n\n<p class=\"has-text-align-center\"><strong>T\u00edtulo<\/strong>: \u00abSerenata nocturna 3\u00bb <br><strong>Medidas<\/strong>: 50 x 60 cm <br><strong>T\u00e9cnica<\/strong>: \u00d3leo sobre tela<\/p>\n<\/div>\n\n\n\n<div class=\"wp-block-column is-layout-flow wp-block-column-is-layout-flow\">\n<figure class=\"wp-block-image size-large\"><img loading=\"lazy\" decoding=\"async\" width=\"1024\" height=\"835\" src=\"https:\/\/www.armandovaldes-artistaplastico.com\/site\/wp-content\/uploads\/2025\/07\/imagen5-1024x835.jpg\" alt=\"\" class=\"wp-image-75\" srcset=\"https:\/\/www.armandovaldes-artistaplastico.com\/site\/wp-content\/uploads\/2025\/07\/imagen5-1024x835.jpg 1024w, https:\/\/www.armandovaldes-artistaplastico.com\/site\/wp-content\/uploads\/2025\/07\/imagen5-300x245.jpg 300w, https:\/\/www.armandovaldes-artistaplastico.com\/site\/wp-content\/uploads\/2025\/07\/imagen5-768x627.jpg 768w, https:\/\/www.armandovaldes-artistaplastico.com\/site\/wp-content\/uploads\/2025\/07\/imagen5-1536x1253.jpg 1536w, https:\/\/www.armandovaldes-artistaplastico.com\/site\/wp-content\/uploads\/2025\/07\/imagen5-2048x1671.jpg 2048w\" sizes=\"auto, (max-width: 1024px) 100vw, 1024px\" \/><\/figure>\n\n\n\n<p class=\"has-text-align-center\"><strong>T\u00edtulo<\/strong>: \u00abAlma llanera\u00bb<br><strong>Medidas<\/strong>: 50 x 60 cm<br><strong>T\u00e9cnica<\/strong>: \u00d3leo sobre tela<\/p>\n<\/div>\n\n\n\n<div class=\"wp-block-column is-layout-flow wp-block-column-is-layout-flow\">\n<figure class=\"wp-block-image size-full\"><img loading=\"lazy\" decoding=\"async\" width=\"600\" height=\"737\" src=\"https:\/\/www.armandovaldes-artistaplastico.com\/site\/wp-content\/uploads\/2025\/07\/imagen6.jpg\" alt=\"\" class=\"wp-image-77\" srcset=\"https:\/\/www.armandovaldes-artistaplastico.com\/site\/wp-content\/uploads\/2025\/07\/imagen6.jpg 600w, https:\/\/www.armandovaldes-artistaplastico.com\/site\/wp-content\/uploads\/2025\/07\/imagen6-244x300.jpg 244w\" sizes=\"auto, (max-width: 600px) 100vw, 600px\" \/><\/figure>\n\n\n\n<p class=\"has-text-align-center\"><strong>T\u00edtulo<\/strong>: \u00abBras Tomb\u00e9s\u00bb <br><strong>Medidas<\/strong>: 49 x 50 cm <br><strong>T\u00e9cnica<\/strong>: \u00d3leo sobre tela<\/p>\n<\/div>\n<\/div>\n\n\n\n<div class=\"wp-block-columns is-layout-flex wp-container-core-columns-is-layout-28f84493 wp-block-columns-is-layout-flex\">\n<div class=\"wp-block-column is-layout-flow wp-block-column-is-layout-flow\">\n<figure class=\"wp-block-image alignfull size-full\"><img loading=\"lazy\" decoding=\"async\" width=\"407\" height=\"668\" src=\"https:\/\/www.armandovaldes-artistaplastico.com\/site\/wp-content\/uploads\/2025\/07\/imagen7.png\" alt=\"\" class=\"wp-image-78\" srcset=\"https:\/\/www.armandovaldes-artistaplastico.com\/site\/wp-content\/uploads\/2025\/07\/imagen7.png 407w, https:\/\/www.armandovaldes-artistaplastico.com\/site\/wp-content\/uploads\/2025\/07\/imagen7-183x300.png 183w\" sizes=\"auto, (max-width: 407px) 100vw, 407px\" \/><\/figure>\n\n\n\n<p class=\"has-text-align-center\"><strong>T\u00edtulo<\/strong>: \u00abBa\u00f1istas c\u00f3smicas\u00bb <br><strong>Medidas<\/strong>: 43 x 81 cm <br><strong>T\u00e9cnica<\/strong>: Mixta sobre papel<\/p>\n<\/div>\n\n\n\n<div class=\"wp-block-column is-layout-flow wp-block-column-is-layout-flow\">\n<figure class=\"wp-block-image size-large\"><img loading=\"lazy\" decoding=\"async\" width=\"725\" height=\"1024\" src=\"https:\/\/www.armandovaldes-artistaplastico.com\/site\/wp-content\/uploads\/2025\/07\/imagen8-725x1024.jpg\" alt=\"\" class=\"wp-image-79\" srcset=\"https:\/\/www.armandovaldes-artistaplastico.com\/site\/wp-content\/uploads\/2025\/07\/imagen8-725x1024.jpg 725w, https:\/\/www.armandovaldes-artistaplastico.com\/site\/wp-content\/uploads\/2025\/07\/imagen8-212x300.jpg 212w, https:\/\/www.armandovaldes-artistaplastico.com\/site\/wp-content\/uploads\/2025\/07\/imagen8-768x1085.jpg 768w, https:\/\/www.armandovaldes-artistaplastico.com\/site\/wp-content\/uploads\/2025\/07\/imagen8.jpg 877w\" sizes=\"auto, (max-width: 725px) 100vw, 725px\" \/><\/figure>\n\n\n\n<p class=\"has-text-align-center\"><strong>T\u00edtulo<\/strong>: \u00abLumi\u00e9re du monde\u00bb <br><strong>Medidas<\/strong>: 77 x 57.5 cm <br><strong>T\u00e9cnica<\/strong>: \u00d3leo y serigrafia sobre tela<\/p>\n<\/div>\n\n\n\n<div class=\"wp-block-column is-layout-flow wp-block-column-is-layout-flow\">\n<figure class=\"wp-block-image alignfull size-full\"><img loading=\"lazy\" decoding=\"async\" width=\"496\" height=\"619\" src=\"https:\/\/www.armandovaldes-artistaplastico.com\/site\/wp-content\/uploads\/2025\/07\/imagen9.png\" alt=\"\" class=\"wp-image-80\" srcset=\"https:\/\/www.armandovaldes-artistaplastico.com\/site\/wp-content\/uploads\/2025\/07\/imagen9.png 496w, https:\/\/www.armandovaldes-artistaplastico.com\/site\/wp-content\/uploads\/2025\/07\/imagen9-240x300.png 240w\" sizes=\"auto, (max-width: 496px) 100vw, 496px\" \/><\/figure>\n\n\n\n<p class=\"has-text-align-center\"><strong>T\u00edtulo<\/strong>: \u00abSue\u00f1os Rotos\u00bb <br><strong>Medidas<\/strong>: 60 x 50 cm <br><strong>T\u00e9cnica<\/strong>: Acr\u00edlico y mixta sobre madera y tela<\/p>\n<\/div>\n<\/div>\n\n\n\n<div class=\"wp-block-columns is-layout-flex wp-container-core-columns-is-layout-28f84493 wp-block-columns-is-layout-flex\">\n<div class=\"wp-block-column is-layout-flow wp-block-column-is-layout-flow\">\n<figure class=\"wp-block-image alignfull size-full\"><img loading=\"lazy\" decoding=\"async\" width=\"468\" height=\"654\" src=\"https:\/\/www.armandovaldes-artistaplastico.com\/site\/wp-content\/uploads\/2025\/07\/imagen10.png\" alt=\"\" class=\"wp-image-81\" srcset=\"https:\/\/www.armandovaldes-artistaplastico.com\/site\/wp-content\/uploads\/2025\/07\/imagen10.png 468w, https:\/\/www.armandovaldes-artistaplastico.com\/site\/wp-content\/uploads\/2025\/07\/imagen10-215x300.png 215w\" sizes=\"auto, (max-width: 468px) 100vw, 468px\" \/><\/figure>\n\n\n\n<p class=\"has-text-align-center\"><strong>T\u00edtulo<\/strong>: Serenata nocturna 4&#8243; <br><strong>Medidas<\/strong>: <br><strong>T\u00e9cnica<\/strong>: \u00d3leo sobre tela<\/p>\n<\/div>\n\n\n\n<div class=\"wp-block-column is-layout-flow wp-block-column-is-layout-flow\">\n<figure class=\"wp-block-image alignfull size-full\"><img loading=\"lazy\" decoding=\"async\" width=\"463\" height=\"537\" src=\"https:\/\/www.armandovaldes-artistaplastico.com\/site\/wp-content\/uploads\/2025\/07\/imagen11.png\" alt=\"\" class=\"wp-image-82\" srcset=\"https:\/\/www.armandovaldes-artistaplastico.com\/site\/wp-content\/uploads\/2025\/07\/imagen11.png 463w, https:\/\/www.armandovaldes-artistaplastico.com\/site\/wp-content\/uploads\/2025\/07\/imagen11-259x300.png 259w\" sizes=\"auto, (max-width: 463px) 100vw, 463px\" \/><\/figure>\n\n\n\n<p class=\"has-text-align-center\"><strong>T\u00edtulo <\/strong>\u00abSerenata nocturna 5\u00bb <br><strong>Medidas<\/strong>: 45.5 x 55.5 <br><strong>T\u00e9cnica<\/strong>: \u00d3leo sobre Tela<\/p>\n<\/div>\n\n\n\n<div class=\"wp-block-column is-layout-flow wp-block-column-is-layout-flow\">\n<figure class=\"wp-block-image alignfull size-full\"><img loading=\"lazy\" decoding=\"async\" width=\"471\" height=\"603\" src=\"https:\/\/www.armandovaldes-artistaplastico.com\/site\/wp-content\/uploads\/2025\/07\/imagen12.png\" alt=\"\" class=\"wp-image-83\" srcset=\"https:\/\/www.armandovaldes-artistaplastico.com\/site\/wp-content\/uploads\/2025\/07\/imagen12.png 471w, https:\/\/www.armandovaldes-artistaplastico.com\/site\/wp-content\/uploads\/2025\/07\/imagen12-234x300.png 234w\" sizes=\"auto, (max-width: 471px) 100vw, 471px\" \/><\/figure>\n\n\n\n<p class=\"has-text-align-center\"><strong>T\u00edtulo<\/strong>: \u00bb Urna zapoteca 1&#8243; <br><strong>Medidas<\/strong>: 82 x 102 <br><strong>T\u00e9cnica<\/strong>: \u00d3leo sobre tela<\/p>\n<\/div>\n<\/div>\n\n\n\n<div class=\"wp-block-columns is-layout-flex wp-container-core-columns-is-layout-28f84493 wp-block-columns-is-layout-flex\">\n<div class=\"wp-block-column is-layout-flow wp-block-column-is-layout-flow\">\n<figure class=\"wp-block-image alignfull size-full\"><img loading=\"lazy\" decoding=\"async\" width=\"501\" height=\"639\" src=\"https:\/\/www.armandovaldes-artistaplastico.com\/site\/wp-content\/uploads\/2025\/07\/imagen13.png\" alt=\"\" class=\"wp-image-84\" srcset=\"https:\/\/www.armandovaldes-artistaplastico.com\/site\/wp-content\/uploads\/2025\/07\/imagen13.png 501w, https:\/\/www.armandovaldes-artistaplastico.com\/site\/wp-content\/uploads\/2025\/07\/imagen13-235x300.png 235w\" sizes=\"auto, (max-width: 501px) 100vw, 501px\" \/><\/figure>\n\n\n\n<p class=\"has-text-align-center\"><strong>T\u00edtulo<\/strong>: \u00abTlaloc\u00bb <br><strong>Medidas<\/strong>: 63 X 83 <br><strong>T\u00e9cnica<\/strong>: \u00d3leo sobre tela<\/p>\n<\/div>\n\n\n\n<div class=\"wp-block-column is-layout-flow wp-block-column-is-layout-flow\">\n<figure class=\"wp-block-image alignfull size-full\"><img loading=\"lazy\" decoding=\"async\" width=\"510\" height=\"614\" src=\"https:\/\/www.armandovaldes-artistaplastico.com\/site\/wp-content\/uploads\/2025\/07\/imagen14.png\" alt=\"\" class=\"wp-image-85\" srcset=\"https:\/\/www.armandovaldes-artistaplastico.com\/site\/wp-content\/uploads\/2025\/07\/imagen14.png 510w, https:\/\/www.armandovaldes-artistaplastico.com\/site\/wp-content\/uploads\/2025\/07\/imagen14-249x300.png 249w\" sizes=\"auto, (max-width: 510px) 100vw, 510px\" \/><\/figure>\n\n\n\n<p class=\"has-text-align-center\"><strong>T\u00edtulo<\/strong>: \u00abSerenata nocturna 2\u00bb <br><strong>Medidas<\/strong>: 50 x 60 cm <br><strong>T\u00e9cnica<\/strong>: \u00d3leo sobre tela<\/p>\n<\/div>\n\n\n\n<div class=\"wp-block-column is-layout-flow wp-block-column-is-layout-flow\">\n<figure class=\"wp-block-image alignfull size-large\"><img loading=\"lazy\" decoding=\"async\" width=\"491\" height=\"1024\" src=\"https:\/\/www.armandovaldes-artistaplastico.com\/site\/wp-content\/uploads\/2025\/07\/imagen15-491x1024.jpg\" alt=\"\" class=\"wp-image-86\" srcset=\"https:\/\/www.armandovaldes-artistaplastico.com\/site\/wp-content\/uploads\/2025\/07\/imagen15-491x1024.jpg 491w, https:\/\/www.armandovaldes-artistaplastico.com\/site\/wp-content\/uploads\/2025\/07\/imagen15-144x300.jpg 144w, https:\/\/www.armandovaldes-artistaplastico.com\/site\/wp-content\/uploads\/2025\/07\/imagen15-768x1603.jpg 768w, https:\/\/www.armandovaldes-artistaplastico.com\/site\/wp-content\/uploads\/2025\/07\/imagen15-736x1536.jpg 736w, https:\/\/www.armandovaldes-artistaplastico.com\/site\/wp-content\/uploads\/2025\/07\/imagen15-981x2048.jpg 981w, https:\/\/www.armandovaldes-artistaplastico.com\/site\/wp-content\/uploads\/2025\/07\/imagen15.jpg 1066w\" sizes=\"auto, (max-width: 491px) 100vw, 491px\" \/><\/figure>\n\n\n\n<p class=\"has-text-align-center\"><strong>T\u00edtulo<\/strong>: \u00abMelancol\u00eda en Azul\u00bb <br><strong>Medidas <\/strong>84 x 43cm <br><strong>T\u00e9cnica<\/strong>: Mixta sobre papel<\/p>\n<\/div>\n<\/div>\n\n\n\n<div class=\"wp-block-columns is-layout-flex wp-container-core-columns-is-layout-28f84493 wp-block-columns-is-layout-flex\">\n<div class=\"wp-block-column is-layout-flow wp-block-column-is-layout-flow\">\n<figure class=\"wp-block-image alignfull size-full\"><img loading=\"lazy\" decoding=\"async\" width=\"459\" height=\"578\" src=\"https:\/\/www.armandovaldes-artistaplastico.com\/site\/wp-content\/uploads\/2025\/07\/imagen16.png\" alt=\"\" class=\"wp-image-87\" srcset=\"https:\/\/www.armandovaldes-artistaplastico.com\/site\/wp-content\/uploads\/2025\/07\/imagen16.png 459w, https:\/\/www.armandovaldes-artistaplastico.com\/site\/wp-content\/uploads\/2025\/07\/imagen16-238x300.png 238w\" sizes=\"auto, (max-width: 459px) 100vw, 459px\" \/><\/figure>\n\n\n\n<p class=\"has-text-align-center\"><strong>T\u00edtulo<\/strong>: \u00abUrna zapoteca 2\u00bb <br><strong>Medidas<\/strong>: 82 x 102 cm <br><strong>T\u00e9cnica<\/strong>: \u00d3leo sobre tela<\/p>\n<\/div>\n\n\n\n<div class=\"wp-block-column is-layout-flow wp-block-column-is-layout-flow\">\n<figure class=\"wp-block-image size-large\"><img loading=\"lazy\" decoding=\"async\" width=\"694\" height=\"1024\" src=\"https:\/\/www.armandovaldes-artistaplastico.com\/site\/wp-content\/uploads\/2025\/07\/imagen17-694x1024.jpg\" alt=\"\" class=\"wp-image-88\" srcset=\"https:\/\/www.armandovaldes-artistaplastico.com\/site\/wp-content\/uploads\/2025\/07\/imagen17-694x1024.jpg 694w, https:\/\/www.armandovaldes-artistaplastico.com\/site\/wp-content\/uploads\/2025\/07\/imagen17-203x300.jpg 203w, https:\/\/www.armandovaldes-artistaplastico.com\/site\/wp-content\/uploads\/2025\/07\/imagen17-768x1133.jpg 768w, https:\/\/www.armandovaldes-artistaplastico.com\/site\/wp-content\/uploads\/2025\/07\/imagen17-1041x1536.jpg 1041w, https:\/\/www.armandovaldes-artistaplastico.com\/site\/wp-content\/uploads\/2025\/07\/imagen17.jpg 1068w\" sizes=\"auto, (max-width: 694px) 100vw, 694px\" \/><\/figure>\n\n\n\n<p class=\"has-text-align-center\"><strong>Titulo<\/strong>: \u00abDetr\u00e1s de la Luz\u00bb <br><strong>Medidas<\/strong>: 52 x 73 <br><strong>T\u00e9cnica<\/strong>: \u00d3leo sobre tela<\/p>\n<\/div>\n\n\n\n<div class=\"wp-block-column is-layout-flow wp-block-column-is-layout-flow\">\n<figure class=\"wp-block-image size-large\"><img loading=\"lazy\" decoding=\"async\" width=\"821\" height=\"1024\" src=\"https:\/\/www.armandovaldes-artistaplastico.com\/site\/wp-content\/uploads\/2025\/07\/imagen18-821x1024.jpg\" alt=\"\" class=\"wp-image-89\" srcset=\"https:\/\/www.armandovaldes-artistaplastico.com\/site\/wp-content\/uploads\/2025\/07\/imagen18-821x1024.jpg 821w, https:\/\/www.armandovaldes-artistaplastico.com\/site\/wp-content\/uploads\/2025\/07\/imagen18-241x300.jpg 241w, https:\/\/www.armandovaldes-artistaplastico.com\/site\/wp-content\/uploads\/2025\/07\/imagen18-768x958.jpg 768w, https:\/\/www.armandovaldes-artistaplastico.com\/site\/wp-content\/uploads\/2025\/07\/imagen18-1231x1536.jpg 1231w, https:\/\/www.armandovaldes-artistaplastico.com\/site\/wp-content\/uploads\/2025\/07\/imagen18-1642x2048.jpg 1642w\" sizes=\"auto, (max-width: 821px) 100vw, 821px\" \/><\/figure>\n\n\n\n<p class=\"has-text-align-center\"><strong>Titulo<\/strong>: \u00abBotella y copa\u00bb <br><strong>Medidas<\/strong>: 40 x 50 <br><strong>T\u00e9cnica<\/strong>: \u00d3leo sobre tela<\/p>\n<\/div>\n<\/div>\n\n\n\n<figure class=\"wp-block-image alignfull size-full\"><img loading=\"lazy\" decoding=\"async\" width=\"960\" height=\"340\" src=\"https:\/\/www.armandovaldes-artistaplastico.com\/site\/wp-content\/uploads\/2025\/07\/mural_neza-1.jpg\" alt=\"\" class=\"wp-image-90\" srcset=\"https:\/\/www.armandovaldes-artistaplastico.com\/site\/wp-content\/uploads\/2025\/07\/mural_neza-1.jpg 960w, https:\/\/www.armandovaldes-artistaplastico.com\/site\/wp-content\/uploads\/2025\/07\/mural_neza-1-300x106.jpg 300w, https:\/\/www.armandovaldes-artistaplastico.com\/site\/wp-content\/uploads\/2025\/07\/mural_neza-1-768x272.jpg 768w\" sizes=\"auto, (max-width: 960px) 100vw, 960px\" \/><\/figure>\n\n\n\n<p><\/p>\n\n\n\n<div class=\"wp-block-columns is-layout-flex wp-container-core-columns-is-layout-28f84493 wp-block-columns-is-layout-flex\">\n<div class=\"wp-block-column is-layout-flow wp-block-column-is-layout-flow\">\n<div class=\"wp-block-columns alignfull is-layout-flex wp-container-core-columns-is-layout-28f84493 wp-block-columns-is-layout-flex\">\n<div class=\"wp-block-column is-layout-flow wp-block-column-is-layout-flow\" style=\"flex-basis:100%\">\n<div class=\"wp-block-columns is-layout-flex wp-container-core-columns-is-layout-28f84493 wp-block-columns-is-layout-flex\">\n<div class=\"wp-block-column is-layout-flow wp-block-column-is-layout-flow\" style=\"flex-basis:100%\">\n<iframe loading=\"lazy\" width=\"100%\" height=\"350 px\" src=\"https:\/\/www.youtube.com\/embed\/zVqj0pDawOE?si=Xx8T0ZSKRoM0g7xe\" title=\"YouTube video player\" frameborder=\"0\" allow=\"accelerometer; autoplay; clipboard-write; encrypted-media; gyroscope; picture-in-picture; web-share\" referrerpolicy=\"strict-origin-when-cross-origin\" allowfullscreen><\/iframe>\n<\/div>\n<\/div>\n<\/div>\n<\/div>\n<\/div>\n\n\n\n<div class=\"wp-block-column is-vertically-aligned-center is-layout-flow wp-block-column-is-layout-flow\">\n<iframe loading=\"lazy\" width=\"100%\" height=\"350 px\" src=\"https:\/\/www.youtube.com\/embed\/NjjDDXBs998?si=XfFzYLtFlv5kcwuW\" title=\"YouTube video player\" frameborder=\"0\" allow=\"accelerometer; autoplay; clipboard-write; encrypted-media; gyroscope; picture-in-picture; web-share\" referrerpolicy=\"strict-origin-when-cross-origin\" allowfullscreen><\/iframe>\n<\/div>\n<\/div>\n","protected":false},"excerpt":{"rendered":"<p>El arte es uno de los elementos mas importantes de la sociedad y es el term\u00f3metro de la civilizaci\u00f3n, es [&hellip;]<\/p>\n","protected":false},"author":1,"featured_media":0,"parent":0,"menu_order":0,"comment_status":"closed","ping_status":"closed","template":"","meta":{"site-sidebar-layout":"default","site-content-layout":"","ast-site-content-layout":"default","site-content-style":"default","site-sidebar-style":"default","ast-global-header-display":"","ast-banner-title-visibility":"","ast-main-header-display":"","ast-hfb-above-header-display":"","ast-hfb-below-header-display":"","ast-hfb-mobile-header-display":"","site-post-title":"","ast-breadcrumbs-content":"","ast-featured-img":"","footer-sml-layout":"","theme-transparent-header-meta":"","adv-header-id-meta":"","stick-header-meta":"","header-above-stick-meta":"","header-main-stick-meta":"","header-below-stick-meta":"","astra-migrate-meta-layouts":"default","ast-page-background-enabled":"default","ast-page-background-meta":{"desktop":{"background-color":"var(--ast-global-color-5)","background-image":"","background-repeat":"repeat","background-position":"center center","background-size":"auto","background-attachment":"scroll","background-type":"","background-media":"","overlay-type":"","overlay-color":"","overlay-opacity":"","overlay-gradient":""},"tablet":{"background-color":"","background-image":"","background-repeat":"repeat","background-position":"center center","background-size":"auto","background-attachment":"scroll","background-type":"","background-media":"","overlay-type":"","overlay-color":"","overlay-opacity":"","overlay-gradient":""},"mobile":{"background-color":"","background-image":"","background-repeat":"repeat","background-position":"center center","background-size":"auto","background-attachment":"scroll","background-type":"","background-media":"","overlay-type":"","overlay-color":"","overlay-opacity":"","overlay-gradient":""}},"ast-content-background-meta":{"desktop":{"background-color":"var(--ast-global-color-4)","background-image":"","background-repeat":"repeat","background-position":"center center","background-size":"auto","background-attachment":"scroll","background-type":"","background-media":"","overlay-type":"","overlay-color":"","overlay-opacity":"","overlay-gradient":""},"tablet":{"background-color":"var(--ast-global-color-4)","background-image":"","background-repeat":"repeat","background-position":"center center","background-size":"auto","background-attachment":"scroll","background-type":"","background-media":"","overlay-type":"","overlay-color":"","overlay-opacity":"","overlay-gradient":""},"mobile":{"background-color":"var(--ast-global-color-4)","background-image":"","background-repeat":"repeat","background-position":"center center","background-size":"auto","background-attachment":"scroll","background-type":"","background-media":"","overlay-type":"","overlay-color":"","overlay-opacity":"","overlay-gradient":""}},"footnotes":""},"class_list":["post-34","page","type-page","status-publish","hentry"],"_links":{"self":[{"href":"https:\/\/www.armandovaldes-artistaplastico.com\/site\/wp-json\/wp\/v2\/pages\/34","targetHints":{"allow":["GET"]}}],"collection":[{"href":"https:\/\/www.armandovaldes-artistaplastico.com\/site\/wp-json\/wp\/v2\/pages"}],"about":[{"href":"https:\/\/www.armandovaldes-artistaplastico.com\/site\/wp-json\/wp\/v2\/types\/page"}],"author":[{"embeddable":true,"href":"https:\/\/www.armandovaldes-artistaplastico.com\/site\/wp-json\/wp\/v2\/users\/1"}],"replies":[{"embeddable":true,"href":"https:\/\/www.armandovaldes-artistaplastico.com\/site\/wp-json\/wp\/v2\/comments?post=34"}],"version-history":[{"count":16,"href":"https:\/\/www.armandovaldes-artistaplastico.com\/site\/wp-json\/wp\/v2\/pages\/34\/revisions"}],"predecessor-version":[{"id":101,"href":"https:\/\/www.armandovaldes-artistaplastico.com\/site\/wp-json\/wp\/v2\/pages\/34\/revisions\/101"}],"wp:attachment":[{"href":"https:\/\/www.armandovaldes-artistaplastico.com\/site\/wp-json\/wp\/v2\/media?parent=34"}],"curies":[{"name":"wp","href":"https:\/\/api.w.org\/{rel}","templated":true}]}}